{"id":1628,"date":"2025-03-19T21:12:25","date_gmt":"2025-03-20T00:12:25","guid":{"rendered":"https:\/\/unirenascer.com\/br\/?page_id=1628"},"modified":"2026-01-30T16:31:15","modified_gmt":"2026-01-30T19:31:15","slug":"cura-interior-para-homens","status":"publish","type":"page","link":"https:\/\/unirenascer.com\/br\/cursos\/cura-interior-para-homens\/","title":{"rendered":"Cura Interior para Homens"},"content":{"rendered":"\t\t<div data-elementor-type=\"wp-page\" data-elementor-id=\"1628\" class=\"elementor elementor-1628\" data-elementor-post-type=\"page\">\n\t\t\t\t\t\t<section class=\"elementor-section elementor-top-section elementor-element elementor-element-d6e02f3 elementor-section-full_width elementor-section-stretched elementor-section-height-default elementor-section-height-default\" data-id=\"d6e02f3\" data-element_type=\"section\" data-settings=\"{&quot;stretch_section&quot;:&quot;section-stretched&quot;}\">\n\t\t\t\t\t\t<div class=\"elementor-container elementor-column-gap-wider\">\n\t\t\t\t\t<div class=\"elementor-column elementor-col-100 elementor-top-column elementor-element elementor-element-f7d8893\" data-id=\"f7d8893\" data-element_type=\"column\" data-settings=\"{&quot;background_background&quot;:&quot;classic&quot;}\">\n\t\t\t<div class=\"elementor-widget-wrap elementor-element-populated\">\n\t\t\t\t\t\t<section class=\"elementor-section elementor-inner-section elementor-element elementor-element-745b2fd elementor-section-boxed elementor-section-height-default elementor-section-height-default\" data-id=\"745b2fd\" data-element_type=\"section\">\n\t\t\t\t\t\t<div class=\"elementor-container elementor-column-gap-default\">\n\t\t\t\t\t<div class=\"elementor-column elementor-col-100 elementor-inner-column elementor-element elementor-element-e01fdf5\" data-id=\"e01fdf5\" data-element_type=\"column\">\n\t\t\t<div class=\"elementor-widget-wrap elementor-element-populated\">\n\t\t\t\t\t\t<div class=\"elementor-element elementor-element-7ca8858 elementor-widget__width-auto elementor-widget elementor-widget-heading\" data-id=\"7ca8858\" data-element_type=\"widget\" data-widget_type=\"heading.default\">\n\t\t\t\t<div class=\"elementor-widget-container\">\n\t\t\t\t\t<h6 class=\"elementor-heading-title elementor-size-default\">Cursos UniRenascer<\/h6>\t\t\t\t<\/div>\n\t\t\t\t<\/div>\n\t\t\t\t<div class=\"elementor-element elementor-element-4cc0f03 elementor-widget elementor-widget-spacer\" data-id=\"4cc0f03\" data-element_type=\"widget\" data-widget_type=\"spacer.default\">\n\t\t\t\t<div class=\"elementor-widget-container\">\n\t\t\t\t\t\t\t<div class=\"elementor-spacer\">\n\t\t\t<div class=\"elementor-spacer-inner\"><\/div>\n\t\t<\/div>\n\t\t\t\t\t\t<\/div>\n\t\t\t\t<\/div>\n\t\t\t\t<div class=\"elementor-element elementor-element-9632d07 elementor-widget__width-initial elementor-widget elementor-widget-heading\" data-id=\"9632d07\" data-element_type=\"widget\" data-widget_type=\"heading.default\">\n\t\t\t\t<div class=\"elementor-widget-container\">\n\t\t\t\t\t<h1 class=\"elementor-heading-title elementor-size-default\">Cura Interior para Homens<\/h1>\t\t\t\t<\/div>\n\t\t\t\t<\/div>\n\t\t\t\t\t<\/div>\n\t\t<\/div>\n\t\t\t\t\t<\/div>\n\t\t<\/section>\n\t\t\t\t<section class=\"elementor-section elementor-inner-section elementor-element elementor-element-94b3743 elementor-section-boxed elementor-section-height-default elementor-section-height-default\" data-id=\"94b3743\" data-element_type=\"section\">\n\t\t\t\t\t\t<div class=\"elementor-container elementor-column-gap-default\">\n\t\t\t\t\t<div class=\"elementor-column elementor-col-100 elementor-inner-column elementor-element elementor-element-c67065a\" data-id=\"c67065a\" data-element_type=\"column\">\n\t\t\t<div class=\"elementor-widget-wrap elementor-element-populated\">\n\t\t\t\t\t\t<div class=\"elementor-element elementor-element-32a271e elementor-widget elementor-widget-text-editor\" data-id=\"32a271e\" data-element_type=\"widget\" data-widget_type=\"text-editor.default\">\n\t\t\t\t<div class=\"elementor-widget-container\">\n\t\t\t\t\t\t\t\t\t<div class=\"page\" title=\"Page 8\"><div class=\"section\"><div class=\"layoutArea\"><div class=\"column\"><p data-start=\"70\" data-end=\"341\"><strong data-start=\"70\" data-end=\"87\">Querido homem<\/strong>, quantos relacionamentos j\u00e1 foram abalados por rea\u00e7\u00f5es impulsivas? Quantos conflitos surgiram devido \u00e0 falta de controle sobre o temperamento? E quantas oportunidades profissionais foram perdidas por n\u00e3o conseguir lidar com as press\u00f5es e adversidades?<\/p><p data-start=\"343\" data-end=\"675\">Sabemos que as emo\u00e7\u00f5es fazem parte de quem somos, mas n\u00e3o precisamos ser dominados por elas. Uma vida emocional desequilibrada pode afetar sua sa\u00fade, causando ins\u00f4nia, gastrite, problemas cardiovasculares e at\u00e9 enxaquecas. Acredite, a ci\u00eancia comprova que a amargura prolongada pode nos tornar mais vulner\u00e1veis a diversas doen\u00e7as.<\/p><p data-start=\"677\" data-end=\"1058\">Nosso <strong data-start=\"683\" data-end=\"721\">curso de Cura Interior para Homens<\/strong> foi criado especialmente para voc\u00ea, para que aprenda a expressar seus sentimentos de forma saud\u00e1vel, assumir o controle de suas rea\u00e7\u00f5es e desenvolver uma mentalidade de crescimento e for\u00e7a. Vamos identificar juntos os padr\u00f5es de comportamento, rea\u00e7\u00f5es e sentimentos que levam \u00e0 ansiedade, ira, medo, depress\u00e3o, impulsividade e v\u00edcios.<\/p><p data-start=\"1060\" data-end=\"1262\">Com o aux\u00edlio deste curso, voc\u00ea poder\u00e1 deixar as marcas do passado para tr\u00e1s e come\u00e7ar a viver uma vida abundante, repleta de conhecimento, sabedoria e prop\u00f3sito, tudo \u00e0 luz dos ensinamentos b\u00edblicos.<\/p><\/div><\/div><\/div><\/div>\t\t\t\t\t\t\t\t<\/div>\n\t\t\t\t<\/div>\n\t\t\t\t\t<\/div>\n\t\t<\/div>\n\t\t\t\t\t<\/div>\n\t\t<\/section>\n\t\t\t\t\t<\/div>\n\t\t<\/div>\n\t\t\t\t\t<\/div>\n\t\t<\/section>\n\t\t\t\t<section class=\"elementor-section elementor-top-section elementor-element elementor-element-63177d2 elementor-section-stretched elementor-section-boxed elementor-section-height-default elementor-section-height-default\" data-id=\"63177d2\" data-element_type=\"section\" data-settings=\"{&quot;stretch_section&quot;:&quot;section-stretched&quot;}\">\n\t\t\t\t\t\t<div class=\"elementor-container elementor-column-gap-wider\">\n\t\t\t\t\t<div class=\"elementor-column elementor-col-100 elementor-top-column elementor-element elementor-element-e04cd8e\" data-id=\"e04cd8e\" data-element_type=\"column\">\n\t\t\t<div class=\"elementor-widget-wrap elementor-element-populated\">\n\t\t\t\t\t\t<section class=\"elementor-section elementor-inner-section elementor-element elementor-element-5a8c8f1 elementor-section-content-middle elementor-section-boxed elementor-section-height-default elementor-section-height-default\" data-id=\"5a8c8f1\" data-element_type=\"section\">\n\t\t\t\t\t\t<div class=\"elementor-container elementor-column-gap-default\">\n\t\t\t\t\t<div class=\"elementor-column elementor-col-50 elementor-inner-column elementor-element elementor-element-f54f012\" data-id=\"f54f012\" data-element_type=\"column\" data-settings=\"{&quot;background_background&quot;:&quot;classic&quot;}\">\n\t\t\t<div class=\"elementor-widget-wrap elementor-element-populated\">\n\t\t\t\t\t\t<div class=\"elementor-element elementor-element-32cc925 elementor-widget elementor-widget-heading\" data-id=\"32cc925\" data-element_type=\"widget\" data-widget_type=\"heading.default\">\n\t\t\t\t<div class=\"elementor-widget-container\">\n\t\t\t\t\t<h4 class=\"elementor-heading-title elementor-size-default\">Objetivo do curso<\/h4>\t\t\t\t<\/div>\n\t\t\t\t<\/div>\n\t\t\t\t<div class=\"elementor-element elementor-element-26d55fa elementor-widget elementor-widget-text-editor\" data-id=\"26d55fa\" data-element_type=\"widget\" data-widget_type=\"text-editor.default\">\n\t\t\t\t<div class=\"elementor-widget-container\">\n\t\t\t\t\t\t\t\t\t<div class=\"page\" title=\"Page 8\"><div class=\"section\"><div class=\"layoutArea\"><div class=\"column\"><p>O objetivo do curso \u00e9 proporcionar aos <strong data-start=\"39\" data-end=\"49\">homens<\/strong> ferramentas para lidar com suas emo\u00e7\u00f5es de forma saud\u00e1vel e equilibrada, promovendo a cura interior e a liberta\u00e7\u00e3o emocional, fortalecendo a f\u00e9 e capacitando-os para uma vida plena e realizada, superando traumas, v\u00edcios e dificuldades nos relacionamentos. \u00c9 um espa\u00e7o de transforma\u00e7\u00e3o e fortalecimento, onde encontrar\u00e3o suporte m\u00fatuo e crescimento emocional, visando ao bem-estar e ao desenvolvimento da verdadeira lideran\u00e7a e prop\u00f3sito.<\/p><\/div><\/div><\/div><\/div>\t\t\t\t\t\t\t\t<\/div>\n\t\t\t\t<\/div>\n\t\t\t\t<div class=\"elementor-element elementor-element-89711c9 elementor-widget elementor-widget-spacer\" data-id=\"89711c9\" data-element_type=\"widget\" data-widget_type=\"spacer.default\">\n\t\t\t\t<div class=\"elementor-widget-container\">\n\t\t\t\t\t\t\t<div class=\"elementor-spacer\">\n\t\t\t<div class=\"elementor-spacer-inner\"><\/div>\n\t\t<\/div>\n\t\t\t\t\t\t<\/div>\n\t\t\t\t<\/div>\n\t\t\t\t<div class=\"elementor-element elementor-element-ddb433e elementor-widget elementor-widget-heading\" data-id=\"ddb433e\" data-element_type=\"widget\" data-widget_type=\"heading.default\">\n\t\t\t\t<div class=\"elementor-widget-container\">\n\t\t\t\t\t<h4 class=\"elementor-heading-title elementor-size-default\">Para quem \u00e9 esse curso?<\/h4>\t\t\t\t<\/div>\n\t\t\t\t<\/div>\n\t\t\t\t<div class=\"elementor-element elementor-element-0da7a97 elementor-widget elementor-widget-text-editor\" data-id=\"0da7a97\" data-element_type=\"widget\" data-widget_type=\"text-editor.default\">\n\t\t\t\t<div class=\"elementor-widget-container\">\n\t\t\t\t\t\t\t\t\t<div class=\"page\" title=\"Page 8\"><div class=\"section\"><div class=\"layoutArea\"><div class=\"column\"><ul><li>Homens que enfrentam solid\u00e3o, depress\u00e3o, s\u00edndrome do p\u00e2nico, ansiedade e outras enfermidades emocionais;<\/li><li>Homens que passaram por traumas emocionais e desejam se curar e encontrar paz;<\/li><li>Homens que enfrentam dificuldades nos relacionamentos com familiares e outras pessoas;<\/li><li>Homens que buscam equil\u00edbrio emocional e uma vida mais harmoniosa;<\/li><li>Homens que desejam superar comportamentos compulsivos ou v\u00edcios e retomar o controle de suas vidas;<\/li><li>Homens que t\u00eam interesse em aprofundar-se nos ensinamentos b\u00edblicos sobre intelig\u00eancia emocional e fortalecer sua f\u00e9.<\/li><\/ul><\/div><\/div><\/div><\/div>\t\t\t\t\t\t\t\t<\/div>\n\t\t\t\t<\/div>\n\t\t\t\t\t<\/div>\n\t\t<\/div>\n\t\t\t\t<div class=\"elementor-column elementor-col-50 elementor-inner-column elementor-element elementor-element-8e22a22\" data-id=\"8e22a22\" data-element_type=\"column\" data-settings=\"{&quot;background_background&quot;:&quot;classic&quot;}\">\n\t\t\t<div class=\"elementor-widget-wrap elementor-element-populated\">\n\t\t\t\t\t\t<div class=\"elementor-element elementor-element-0640b91 elementor-widget elementor-widget-heading\" data-id=\"0640b91\" data-element_type=\"widget\" data-widget_type=\"heading.default\">\n\t\t\t\t<div class=\"elementor-widget-container\">\n\t\t\t\t\t<h4 class=\"elementor-heading-title elementor-size-default\">O que voc\u00ea vai aprender?<\/h4>\t\t\t\t<\/div>\n\t\t\t\t<\/div>\n\t\t\t\t<div class=\"elementor-element elementor-element-64c9d7d elementor-widget elementor-widget-text-editor\" data-id=\"64c9d7d\" data-element_type=\"widget\" data-widget_type=\"text-editor.default\">\n\t\t\t\t<div class=\"elementor-widget-container\">\n\t\t\t\t\t\t\t\t\t<div class=\"page\" title=\"Page 9\"><div class=\"section\"><div class=\"layoutArea\"><div class=\"column\"><p>Mas em todas estas coisas somos mais que vencedores, por meio daquele que nos amou.<\/p><p><strong>Romanos 8:37<\/strong><\/p><\/div><\/div><\/div><\/div>\t\t\t\t\t\t\t\t<\/div>\n\t\t\t\t<\/div>\n\t\t\t\t<div class=\"elementor-element elementor-element-ea43d62 elementor-list-item-link-inline elementor-icon-list--layout-traditional elementor-widget elementor-widget-icon-list\" data-id=\"ea43d62\" data-element_type=\"widget\" data-widget_type=\"icon-list.default\">\n\t\t\t\t<div class=\"elementor-widget-container\">\n\t\t\t\t\t\t\t<ul class=\"elementor-icon-list-items\">\n\t\t\t\t\t\t\t<li class=\"elementor-icon-list-item\">\n\t\t\t\t\t\t\t\t\t\t\t<span class=\"elementor-icon-list-icon\">\n\t\t\t\t\t\t\t<i aria-hidden=\"true\" class=\"fas fa-chevron-right\"><\/i>\t\t\t\t\t\t<\/span>\n\t\t\t\t\t\t\t\t\t\t<span class=\"elementor-icon-list-text\">Constru\u00e7\u00e3o da Identidade - 5 passos para a cria\u00e7\u00e3o do homem<\/span>\n\t\t\t\t\t\t\t\t\t<\/li>\n\t\t\t\t\t\t\t\t<li class=\"elementor-icon-list-item\">\n\t\t\t\t\t\t\t\t\t\t\t<span class=\"elementor-icon-list-icon\">\n\t\t\t\t\t\t\t<i aria-hidden=\"true\" class=\"fas fa-chevron-right\"><\/i>\t\t\t\t\t\t<\/span>\n\t\t\t\t\t\t\t\t\t\t<span class=\"elementor-icon-list-text\">Liberte-se - Senten\u00e7as familiares, comprometimentos espirituais, comprometimentos emocionais, sofismas e fortalezas<\/span>\n\t\t\t\t\t\t\t\t\t<\/li>\n\t\t\t\t\t\t\t\t<li class=\"elementor-icon-list-item\">\n\t\t\t\t\t\t\t\t\t\t\t<span class=\"elementor-icon-list-icon\">\n\t\t\t\t\t\t\t<i aria-hidden=\"true\" class=\"fas fa-chevron-right\"><\/i>\t\t\t\t\t\t<\/span>\n\t\t\t\t\t\t\t\t\t\t<span class=\"elementor-icon-list-text\">Base familiar - Pap\u00e9is familiares, valores da fam\u00edlia crist\u00e3, quebra de religiosidades, semear para colher<\/span>\n\t\t\t\t\t\t\t\t\t<\/li>\n\t\t\t\t\t\t\t\t<li class=\"elementor-icon-list-item\">\n\t\t\t\t\t\t\t\t\t\t\t<span class=\"elementor-icon-list-icon\">\n\t\t\t\t\t\t\t<i aria-hidden=\"true\" class=\"fas fa-chevron-right\"><\/i>\t\t\t\t\t\t<\/span>\n\t\t\t\t\t\t\t\t\t\t<span class=\"elementor-icon-list-text\">Constru\u00e7\u00e3o e estrutura s\u00f3lida - Estrutura espiritual, pessoal, familiar, profissional e ministerial<\/span>\n\t\t\t\t\t\t\t\t\t<\/li>\n\t\t\t\t\t\t<\/ul>\n\t\t\t\t\t\t<\/div>\n\t\t\t\t<\/div>\n\t\t\t\t<div class=\"elementor-element elementor-element-1252690 elementor-widget elementor-widget-spacer\" data-id=\"1252690\" data-element_type=\"widget\" data-widget_type=\"spacer.default\">\n\t\t\t\t<div class=\"elementor-widget-container\">\n\t\t\t\t\t\t\t<div class=\"elementor-spacer\">\n\t\t\t<div class=\"elementor-spacer-inner\"><\/div>\n\t\t<\/div>\n\t\t\t\t\t\t<\/div>\n\t\t\t\t<\/div>\n\t\t\t\t<div class=\"elementor-element elementor-element-fe202c5 elementor-widget elementor-widget-heading\" data-id=\"fe202c5\" data-element_type=\"widget\" data-widget_type=\"heading.default\">\n\t\t\t\t<div class=\"elementor-widget-container\">\n\t\t\t\t\t<h4 class=\"elementor-heading-title elementor-size-default\">Aulas<\/h4>\t\t\t\t<\/div>\n\t\t\t\t<\/div>\n\t\t\t\t<div class=\"elementor-element elementor-element-fbe0379 elementor-widget elementor-widget-text-editor\" data-id=\"fbe0379\" data-element_type=\"widget\" data-widget_type=\"text-editor.default\">\n\t\t\t\t<div class=\"elementor-widget-container\">\n\t\t\t\t\t\t\t\t\t<div class=\"page\" title=\"Page 9\"><div class=\"section\"><div class=\"layoutArea\"><div class=\"column\"><p>Sa\u0303o 5 aulas ao vivo, que acontecem uma vez por semana, com 2 horas de durac\u0327a\u0303o cada. E voce\u0302 participara\u0301 atrave\u0301s do aplicativo Zoom, podendo tirar suas du\u0301vidas em tempo real e acompanhar os comenta\u0301rios da sua turma.<\/p><\/div><\/div><\/div><\/div>\t\t\t\t\t\t\t\t<\/div>\n\t\t\t\t<\/div>\n\t\t\t\t<div class=\"elementor-element elementor-element-d8b3393 elementor-widget elementor-widget-spacer\" data-id=\"d8b3393\" data-element_type=\"widget\" data-widget_type=\"spacer.default\">\n\t\t\t\t<div class=\"elementor-widget-container\">\n\t\t\t\t\t\t\t<div class=\"elementor-spacer\">\n\t\t\t<div class=\"elementor-spacer-inner\"><\/div>\n\t\t<\/div>\n\t\t\t\t\t\t<\/div>\n\t\t\t\t<\/div>\n\t\t\t\t<div class=\"elementor-element elementor-element-dd38a34 elementor-widget elementor-widget-heading\" data-id=\"dd38a34\" data-element_type=\"widget\" data-widget_type=\"heading.default\">\n\t\t\t\t<div class=\"elementor-widget-container\">\n\t\t\t\t\t<h4 class=\"elementor-heading-title elementor-size-default\">Pr\u00e9-requisitos<\/h4>\t\t\t\t<\/div>\n\t\t\t\t<\/div>\n\t\t\t\t<div class=\"elementor-element elementor-element-56585ce elementor-widget elementor-widget-text-editor\" data-id=\"56585ce\" data-element_type=\"widget\" data-widget_type=\"text-editor.default\">\n\t\t\t\t<div class=\"elementor-widget-container\">\n\t\t\t\t\t\t\t\t\t<div class=\"page\" title=\"Page 9\"><div class=\"section\"><div class=\"layoutArea\"><div class=\"column\"><p>Direcionado ao pu\u0301blico masculino.<br \/>Ser maior de 18 anos;<\/p><\/div><\/div><\/div><\/div>\t\t\t\t\t\t\t\t<\/div>\n\t\t\t\t<\/div>\n\t\t\t\t\t<\/div>\n\t\t<\/div>\n\t\t\t\t\t<\/div>\n\t\t<\/section>\n\t\t\t\t\t<\/div>\n\t\t<\/div>\n\t\t\t\t\t<\/div>\n\t\t<\/section>\n\t\t\t\t<\/div>\n\t\t","protected":false},"excerpt":{"rendered":"<p>Cursos UniRenascer Cura Interior para Homens Querido homem, quantos relacionamentos j\u00e1 foram abalados por rea\u00e7\u00f5es impulsivas? Quantos conflitos surgiram devido \u00e0 falta de controle sobre o<span class=\"excerpt-hellip\"> [\u2026]<\/span><\/p>\n","protected":false},"author":1,"featured_media":0,"parent":146,"menu_order":0,"comment_status":"open","ping_status":"closed","template":"","meta":{"footnotes":""},"class_list":["post-1628","page","type-page","status-publish","hentry"],"_links":{"self":[{"href":"https:\/\/unirenascer.com\/br\/wp-json\/wp\/v2\/pages\/1628","targetHints":{"allow":["GET"]}}],"collection":[{"href":"https:\/\/unirenascer.com\/br\/wp-json\/wp\/v2\/pages"}],"about":[{"href":"https:\/\/unirenascer.com\/br\/wp-json\/wp\/v2\/types\/page"}],"author":[{"embeddable":true,"href":"https:\/\/unirenascer.com\/br\/wp-json\/wp\/v2\/users\/1"}],"replies":[{"embeddable":true,"href":"https:\/\/unirenascer.com\/br\/wp-json\/wp\/v2\/comments?post=1628"}],"version-history":[{"count":5,"href":"https:\/\/unirenascer.com\/br\/wp-json\/wp\/v2\/pages\/1628\/revisions"}],"predecessor-version":[{"id":1767,"href":"https:\/\/unirenascer.com\/br\/wp-json\/wp\/v2\/pages\/1628\/revisions\/1767"}],"up":[{"embeddable":true,"href":"https:\/\/unirenascer.com\/br\/wp-json\/wp\/v2\/pages\/146"}],"wp:attachment":[{"href":"https:\/\/unirenascer.com\/br\/wp-json\/wp\/v2\/media?parent=1628"}],"curies":[{"name":"wp","href":"https:\/\/api.w.org\/{rel}","templated":true}]}}